{"id":7,"date":"2018-02-20T19:40:35","date_gmt":"2018-02-20T19:40:35","guid":{"rendered":"https:\/\/wrapkitwp.com\/?page_id=7"},"modified":"2024-07-22T21:53:02","modified_gmt":"2024-07-22T21:53:02","slug":"home","status":"publish","type":"page","link":"https:\/\/www.tradedesign.cz\/","title":{"rendered":"Home"},"content":{"rendered":"<p>[vc_row bg_type=&#8220;image&#8220; parallax_style=&#8220;vcpb-default&#8220; bg_image_new=&#8220;id^437|url^http:\/\/www.tradedesign.cz\/wp-content\/uploads\/2024\/07\/8-scaled.jpg|caption^null|alt^null|title^8|description^null&#8220; bg_image_repeat=&#8220;no-repeat&#8220; bg_image_posiiton=&#8220;center top&#8220;][vc_column]<div class=\"ult-spacer spacer-69f0a2b456dcb\" data-id=\"69f0a2b456dcb\" data-height=\"400\" data-height-mobile=\"300\" data-height-tab=\"\" data-height-tab-portrait=\"\" data-height-mobile-landscape=\"300\" style=\"clear:both;display:block;\"><\/div>[vc_row_inner el_class=&#8220;row justify-content-center&#8220;][vc_column_inner el_class=&#8220;sd-scroll&#8220; width=&#8220;7\/12&#8243;]<div id=\"uvc-type-wrap-1512\"  data-ultimate-target='#uvc-type-wrap-1512'  data-responsive-json-new='{\"font-size\":\"desktop:55px;mobile_landscape:20px;mobile:20px;\",\"line-height\":\"desktop:70px;\"}'  class=\"uvc-type-wrap  vc_custom_1721682652741 ult-adjust-bottom-margin ult-responsive  uvc-type-align-center uvc-type-no-prefix uvc-wrap-264032718369f0a2b456e02\" style=\"text-align:center;\"><span id=\"typed-264032718369f0a2b456e02\" class=\"ultimate-typed-main \" style=\"color:#ffffff; font-family:&#039;Montserrat&#039;;font-weight:700; text-transform: unset;\"><\/span><script type=\"text\/javascript\"> \r\n\t\t\t\t\t\tjQuery(function($){ \r\n\t\t\t\t\t\t\t$(document).ready(function(){\r\n\t\t\t\t\t\t\t\tif( typeof jQuery(\"#typed-264032718369f0a2b456e02\").typed == \"function\"){\r\n\t\t\t\t\t\t\t\t\t$(\"#typed-264032718369f0a2b456e02\").typed({\r\n\t\t\t\t\t\t\t\t\t\tstrings: [\"Lid\u00e9 jsou kl\u00ed\u010d.\",\"My j\u00edm um\u00edme oto\u010dit.\"],\r\n\t\t\t\t\t\t\t\t\t\ttypeSpeed: 100,\r\n\t\t\t\t\t\t\t\t\t\tbackSpeed: 0,\r\n\t\t\t\t\t\t\t\t\t\tstartDelay: 200,\r\n\t\t\t\t\t\t\t\t\t\tbackDelay: 1500,\r\n\t\t\t\t\t\t\t\t\t\tloop: true,\r\n\t\t\t\t\t\t\t\t\t\tloopCount: false,\r\n\t\t\t\t\t\t\t\t\t\tshowCursor: false,\r\n\t\t\t\t\t\t\t\t\t\tcursorChar: \"|\",\r\n\t\t\t\t\t\t\t\t\t\tattr: null\r\n\t\t\t\t\t\t\t\t\t});\r\n\t\t\t\t\t\t\t\t}\r\n\t\t\t\t\t\t\t});\r\n\t\t\t\t\t\t});\r\n\t\t\t\t\t<\/script><\/div>[\/vc_column_inner][\/vc_row_inner]<div class=\"ult-spacer spacer-69f0a2b456fa7\" data-id=\"69f0a2b456fa7\" data-height=\"400\" data-height-mobile=\"300\" data-height-tab=\"\" data-height-tab-portrait=\"\" data-height-mobile-landscape=\"300\" style=\"clear:both;display:block;\"><\/div>[\/vc_column][\/vc_row][vc_row bg_type=&#8220;bg_color&#8220; bg_color_value=&#8220;rgba(0,0,0,0.73)&#8220;][vc_column][vc_row_inner][vc_column_inner width=&#8220;1\/2&#8243; css=&#8220;.vc_custom_1721684855378{padding-top: 0px !important;padding-right: 20px !important;padding-bottom: 0px !important;}&#8220;]\t\t\n\t\t\t\n\t\t\t<div data-aos=\"fade-up\" data-aos-duration=\"1200\" data-aos-once=\"true\">\n\t\t\t\t<div class=\"ult-spacer spacer-69f0a2b457009\" data-id=\"69f0a2b457009\" data-height=\"33\" data-height-mobile=\"33\" data-height-tab=\"33\" data-height-tab-portrait=\"\" data-height-mobile-landscape=\"\" style=\"clear:both;display:block;\"><\/div><div id=\"ultimate-heading-109669f0a2b457024\" class=\"uvc-heading ult-adjust-bottom-margin ultimate-heading-109669f0a2b457024 uvc-1057 \" data-hspacer=\"no_spacer\"  data-halign=\"center\" style=\"text-align:center\"><div class=\"uvc-heading-spacer no_spacer\" style=\"top\"><\/div><div class=\"uvc-sub-heading ult-responsive\"  data-ultimate-target='.uvc-heading.ultimate-heading-109669f0a2b457024 .uvc-sub-heading '  data-responsive-json-new='{\"font-size\":\"\",\"line-height\":\"desktop:20px;\"}'  style=\"font-weight:normal;color:rgba(255,255,255,0.7);\"><\/p>\n<p class=\"p1\"><strong>HR CONSULTING<\/strong><\/p>\n<h3 class=\"sd-styled-title\"><\/h3>\n<p><\/div><\/div>\t\t\t<\/div>\n\n\t\t[vc_column_text css=&#8220;.vc_custom_1721685165273{padding-right: 5px !important;padding-left: 5px !important;}&#8220;]<\/p>\n<p class=\"p1\" style=\"text-align: center;\">Lid\u00e9 jsou spole\u010dn\u011b s marketingem nejd\u016fle\u017eit\u011bj\u0161\u00edmi odd\u011blen\u00edmi ka\u017ed\u00e9 spole\u010dnosti. Tak to vid\u00edme my. Leadership a vzd\u011bl\u00e1v\u00e1n\u00ed jsou nutnou podm\u00ednkou pro efektivn\u00ed r\u016fst, zvy\u0161ov\u00e1n\u00ed kompetenc\u00ed a zkvalit\u0148ov\u00e1n\u00ed dovednost\u00ed. Vytv\u00e1\u0159\u00edme a implementujeme takov\u00e9 procesy, kter\u00e9 nejsou p\u0159\u00edt\u011b\u017e\u00ed, ale p\u0159\u00ednosem.<\/p>\n<p>[\/vc_column_text]<div class=\"ult-spacer spacer-69f0a2b457041\" data-id=\"69f0a2b457041\" data-height=\"33\" data-height-mobile=\"33\" data-height-tab=\"33\" data-height-tab-portrait=\"\" data-height-mobile-landscape=\"\" style=\"clear:both;display:block;\"><\/div>[\/vc_column_inner][vc_column_inner width=&#8220;1\/2&#8243; css=&#8220;.vc_custom_1721684863734{padding-left: 20px !important;}&#8220;]<div class=\"ult-spacer spacer-69f0a2b45704b\" data-id=\"69f0a2b45704b\" data-height=\"33\" data-height-mobile=\"33\" data-height-tab=\"33\" data-height-tab-portrait=\"\" data-height-mobile-landscape=\"\" style=\"clear:both;display:block;\"><\/div>\t\t\n\t\t\t\n\t\t\t<div data-aos=\"fade-left\" data-aos-duration=\"1200\" data-aos-once=\"true\">\n\t\t\t\t<div id=\"ultimate-heading-705869f0a2b4570a2\" class=\"uvc-heading ult-adjust-bottom-margin ultimate-heading-705869f0a2b4570a2 uvc-4210 \" data-hspacer=\"no_spacer\"  data-halign=\"center\" style=\"text-align:center\"><div class=\"uvc-heading-spacer no_spacer\" style=\"top\"><\/div><div class=\"uvc-sub-heading ult-responsive\"  data-ultimate-target='.uvc-heading.ultimate-heading-705869f0a2b4570a2 .uvc-sub-heading '  data-responsive-json-new='{\"font-size\":\"\",\"line-height\":\"desktop:20px;\"}'  style=\"font-weight:normal;color:rgba(255,255,255,0.7);\"><\/p>\n<p class=\"p1\"><b>MARKETING CONSULTING<\/b><\/p>\n<p><\/div><\/div>[vc_column_text css=&#8220;.vc_custom_1721685179117{padding-right: 5px !important;padding-left: 5px !important;}&#8220;]<\/p>\n<p class=\"p1\" style=\"text-align: center;\">Zna\u010dka nen\u00ed jen namalovan\u00e9 logo. Je v n\u00ed v\u0161e, co firma reprezentuje a \u017eije. A marketing tomu v\u0161emu pom\u00e1h\u00e1 na sv\u011bt. Na\u0161\u00ed specializac\u00ed je konzultov\u00e1n\u00ed a v\u00fdvoj marketingov\u00fdch strategi\u00ed, optimalizace a controlling marketingov\u00fdch v\u00fddaj\u016f. Marketing bereme jako investici, kter\u00e1 se mus\u00ed um\u011bt vr\u00e1tit.<\/p>\n<p>[\/vc_column_text]\t\t\t<\/div>\n\n\t\t<div class=\"ult-spacer spacer-69f0a2b4570b6\" data-id=\"69f0a2b4570b6\" data-height=\"33\" data-height-mobile=\"33\" data-height-tab=\"33\" data-height-tab-portrait=\"\" data-height-mobile-landscape=\"\" style=\"clear:both;display:block;\"><\/div>[\/vc_column_inner][\/vc_row_inner][\/vc_column][\/vc_row]<\/p>\n","protected":false},"excerpt":{"rendered":"<p>[vc_row bg_type=&#8220;image&#8220; parallax_style=&#8220;vcpb-default&#8220; bg_image_new=&#8220;id^437|url^http:\/\/www.tradedesign.cz\/wp-content\/uploads\/2024\/07\/8-scaled.jpg|caption^null|alt^null|title^8|description^null&#8220; bg_image_repeat=&#8220;no-repeat&#8220; bg_image_posiiton=&#8220;center top&#8220;][vc_column][vc_row_inner el_class=&#8220;row justify-content-center&#8220;][vc_column_inner el_class=&#8220;sd-scroll&#8220;<\/p>\n","protected":false},"author":1,"featured_media":0,"parent":0,"menu_order":0,"comment_status":"closed","ping_status":"closed","template":"full-width-page.php","meta":{"footnotes":""},"class_list":["post-7","page","type-page","status-publish","hentry"],"_links":{"self":[{"href":"https:\/\/www.tradedesign.cz\/index.php?rest_route=\/wp\/v2\/pages\/7","targetHints":{"allow":["GET"]}}],"collection":[{"href":"https:\/\/www.tradedesign.cz\/index.php?rest_route=\/wp\/v2\/pages"}],"about":[{"href":"https:\/\/www.tradedesign.cz\/index.php?rest_route=\/wp\/v2\/types\/page"}],"author":[{"embeddable":true,"href":"https:\/\/www.tradedesign.cz\/index.php?rest_route=\/wp\/v2\/users\/1"}],"replies":[{"embeddable":true,"href":"https:\/\/www.tradedesign.cz\/index.php?rest_route=%2Fwp%2Fv2%2Fcomments&post=7"}],"version-history":[{"count":38,"href":"https:\/\/www.tradedesign.cz\/index.php?rest_route=\/wp\/v2\/pages\/7\/revisions"}],"predecessor-version":[{"id":488,"href":"https:\/\/www.tradedesign.cz\/index.php?rest_route=\/wp\/v2\/pages\/7\/revisions\/488"}],"wp:attachment":[{"href":"https:\/\/www.tradedesign.cz\/index.php?rest_route=%2Fwp%2Fv2%2Fmedia&parent=7"}],"curies":[{"name":"wp","href":"https:\/\/api.w.org\/{rel}","templated":true}]}}